{"id":110,"date":"2020-11-03T19:55:07","date_gmt":"2020-11-03T19:55:07","guid":{"rendered":"https:\/\/wp.kotrynabassdesign.com\/studio11\/?page_id=110"},"modified":"2023-11-21T22:24:07","modified_gmt":"2023-11-21T22:24:07","slug":"contact","status":"publish","type":"page","link":"https:\/\/nadzsnacks.com\/en\/contact","title":{"rendered":"Contact"},"content":{"rendered":"<div class=\"wp-block-columns is-layout-flex wp-container-core-columns-is-layout-9d6595d7 wp-block-columns-is-layout-flex\">\n<div class=\"wp-block-column is-layout-flow wp-block-column-is-layout-flow\" style=\"flex-basis:60%\">\n<figure class=\"wp-block-image size-full\"><img fetchpriority=\"high\" decoding=\"async\" width=\"1595\" height=\"1595\" src=\"https:\/\/nadzsnacks.com\/wp-content\/uploads\/2022\/12\/food-blogger-women.jpeg\" alt=\"\" class=\"wp-image-1011\" srcset=\"https:\/\/nadzsnacks.com\/wp-content\/uploads\/2022\/12\/food-blogger-women.jpeg 1595w, https:\/\/nadzsnacks.com\/wp-content\/uploads\/2022\/12\/food-blogger-women-300x300.jpeg 300w, https:\/\/nadzsnacks.com\/wp-content\/uploads\/2022\/12\/food-blogger-women-100x100.jpeg 100w, https:\/\/nadzsnacks.com\/wp-content\/uploads\/2022\/12\/food-blogger-women-600x600.jpeg 600w, https:\/\/nadzsnacks.com\/wp-content\/uploads\/2022\/12\/food-blogger-women-1024x1024.jpeg 1024w, https:\/\/nadzsnacks.com\/wp-content\/uploads\/2022\/12\/food-blogger-women-150x150.jpeg 150w, https:\/\/nadzsnacks.com\/wp-content\/uploads\/2022\/12\/food-blogger-women-768x768.jpeg 768w, https:\/\/nadzsnacks.com\/wp-content\/uploads\/2022\/12\/food-blogger-women-1536x1536.jpeg 1536w, https:\/\/nadzsnacks.com\/wp-content\/uploads\/2022\/12\/food-blogger-women-500x500.jpeg 500w\" sizes=\"(max-width: 1595px) 100vw, 1595px\" \/><\/figure>\n<\/div>\n\n\n\n<div class=\"wp-block-column is-layout-flow wp-block-column-is-layout-flow\" style=\"flex-basis:40%\">\n<div class=\"wp-block-contact-form-7-contact-form-selector\">\n<div class=\"wpcf7 no-js\" id=\"wpcf7-f8-o1\" lang=\"fr-FR\" dir=\"ltr\" data-wpcf7-id=\"8\">\n<div class=\"screen-reader-response\"><p role=\"status\" aria-live=\"polite\" aria-atomic=\"true\"><\/p> <ul><\/ul><\/div>\n<form action=\"\/en\/wp-json\/wp\/v2\/pages\/110#wpcf7-f8-o1\" method=\"post\" class=\"wpcf7-form init\" aria-label=\"Formulaire de contact\" novalidate=\"novalidate\" data-status=\"init\" data-trp-original-action=\"\/en\/wp-json\/wp\/v2\/pages\/110#wpcf7-f8-o1\">\n<fieldset class=\"hidden-fields-container\"><input type=\"hidden\" name=\"_wpcf7\" value=\"8\" \/><input type=\"hidden\" name=\"_wpcf7_version\" value=\"6.1.5\" \/><input type=\"hidden\" name=\"_wpcf7_locale\" value=\"fr_FR\" \/><input type=\"hidden\" name=\"_wpcf7_unit_tag\" value=\"wpcf7-f8-o1\" \/><input type=\"hidden\" name=\"_wpcf7_container_post\" value=\"0\" \/><input type=\"hidden\" name=\"_wpcf7_posted_data_hash\" value=\"\" \/>\n<\/fieldset>\n<p><label> Your name<br \/>\n<span class=\"wpcf7-form-control-wrap\" data-name=\"your-name\"><input size=\"40\" maxlength=\"400\" class=\"wpcf7-form-control wpcf7-text wpcf7-validates-as-required\" autocomplete=\"name\" aria-required=\"true\" aria-invalid=\"false\" value=\"\" type=\"text\" name=\"your-name\" \/><\/span> <\/label>\n<\/p>\n<p><label> Your email<br \/>\n<span class=\"wpcf7-form-control-wrap\" data-name=\"your-email\"><input size=\"40\" maxlength=\"400\" class=\"wpcf7-form-control wpcf7-email wpcf7-validates-as-required wpcf7-text wpcf7-validates-as-email\" autocomplete=\"email\" aria-required=\"true\" aria-invalid=\"false\" value=\"\" type=\"email\" name=\"your-email\" \/><\/span> <\/label>\n<\/p>\n<p><label> Subject<br \/>\n<span class=\"wpcf7-form-control-wrap\" data-name=\"your-subject\"><input size=\"40\" maxlength=\"400\" class=\"wpcf7-form-control wpcf7-text wpcf7-validates-as-required\" aria-required=\"true\" aria-invalid=\"false\" value=\"\" type=\"text\" name=\"your-subject\" \/><\/span> <\/label>\n<\/p>\n<p><label> Your message (optional)<br \/>\n<span class=\"wpcf7-form-control-wrap\" data-name=\"your-message\"><textarea cols=\"40\" rows=\"10\" maxlength=\"2000\" class=\"wpcf7-form-control wpcf7-textarea\" aria-invalid=\"false\" name=\"your-message\"><\/textarea><\/span> <\/label>\n<\/p>\n<p><input class=\"wpcf7-form-control wpcf7-submit has-spinner\" type=\"submit\" value=\"Submit\" \/>\n<\/p><p style=\"display: none !important;\" class=\"akismet-fields-container\" data-prefix=\"_wpcf7_ak_\"><label>&#916;<textarea name=\"_wpcf7_ak_hp_textarea\" cols=\"45\" rows=\"8\" maxlength=\"100\"><\/textarea><\/label><input type=\"hidden\" id=\"ak_js_1\" name=\"_wpcf7_ak_js\" value=\"79\"\/><script>document.getElementById( \"ak_js_1\" ).setAttribute( \"value\", ( new Date() ).getTime() );<\/script><\/p><div class=\"wpcf7-response-output\" aria-hidden=\"true\"><\/div>\n<input type=\"hidden\" name=\"trp-form-language\" value=\"en\"\/><\/form>\n<\/div>\n<\/div>\n<\/div>\n<\/div>","protected":false},"excerpt":{"rendered":"","protected":false},"author":1,"featured_media":0,"parent":0,"menu_order":0,"comment_status":"closed","ping_status":"closed","template":"","meta":{"wprm-recipe-roundup-name":"","wprm-recipe-roundup-description":"","_monsterinsights_skip_tracking":false,"_monsterinsights_sitenote_active":false,"_monsterinsights_sitenote_note":"","_monsterinsights_sitenote_category":0,"footnotes":""},"class_list":["post-110","page","type-page","status-publish","format-standard","hentry","odd"],"jetpack-related-posts":[{"id":1061,"url":"https:\/\/nadzsnacks.com\/en\/faq","url_meta":{"origin":110,"position":0},"title":"FAQ","author":"Nada EL","date":"3 January 2023","format":false,"excerpt":"Here are some popular FAQ\u00e2\u20ac\u2122s about my design services: How long does it take for me to receive my theme after I have purchased it? We will send you a link to download your theme instantly after your purchase is proceed. For the custom design services- please contact me for\u2026","rel":"","context":"Similar post","block_context":{"text":"Similar post","link":""},"img":{"alt_text":"","src":"","width":0,"height":0},"classes":[]},{"id":602,"url":"https:\/\/nadzsnacks.com\/en\/work-with-me","url_meta":{"origin":110,"position":1},"title":"Work With Me","author":"Nada EL","date":"5 November 2020","format":false,"excerpt":"Hey, I'm Kotryna & I want to build the best website for your business! Lorem ipsum dolor sit amet, consectetur adipiscing elit, sed do eiusmod tempor incididunt ut labore et dolore magna aliqua. Ut enim ad minim veniam, quis nostrud exercitation ullamco laboris nisi ut aliquip ex ea commodo consequat.\u2026","rel":"","context":"Similar post","block_context":{"text":"Similar post","link":""},"img":{"alt_text":"","src":"https:\/\/i0.wp.com\/studio11.kobathemes.com\/wp-content\/uploads\/2020\/11\/DSC07985-683x1024.jpg?resize=350%2C200","width":350,"height":200,"srcset":"https:\/\/i0.wp.com\/studio11.kobathemes.com\/wp-content\/uploads\/2020\/11\/DSC07985-683x1024.jpg?resize=350%2C200 1x, https:\/\/i0.wp.com\/studio11.kobathemes.com\/wp-content\/uploads\/2020\/11\/DSC07985-683x1024.jpg?resize=525%2C300 1.5x"},"classes":[]},{"id":422,"url":"https:\/\/nadzsnacks.com\/en\/gateaux-sans-gluten","url_meta":{"origin":110,"position":2},"title":"G\u00e2teaux sans Gluten","author":"Nada EL","date":"21 November 2023","format":false,"excerpt":"","rel":"","context":"Similar post","block_context":{"text":"Similar post","link":""},"img":{"alt_text":"","src":"","width":0,"height":0},"classes":[]},{"id":2634,"url":"https:\/\/nadzsnacks.com\/en\/accueil","url_meta":{"origin":110,"position":3},"title":"Accueil","author":"Nada EL","date":"17 May 2024","format":false,"excerpt":"https:\/\/www.youtube.com\/watch?v=ZvXT-X70Nx0&t=621s Cat\u00e9gorie 1 Cat\u00e9gorie 2 Cat\u00e9gorie 3 Cat\u00e9gorie 4 Pr\u00e9c\u00e9dent Suivant Parcourir les cat\u00e9gories Tu recherches une recette ? Fais une recherche par cat\u00e9gorie ou par plat. Les derni\u00e8res recettes Recette #1Lorem ipsum dolor sit amet, consectetur adipiscing elit. Ut elit tellus, luctus nec ullamcorper mattis, pulvinar dapibus leo. Lire\u2026","rel":"","context":"Similar post","block_context":{"text":"Similar post","link":""},"img":{"alt_text":"","src":"https:\/\/i0.wp.com\/nadzsnacks.com\/wp-content\/uploads\/2024\/06\/banner-bot.jpg?resize=350%2C200&ssl=1","width":350,"height":200,"srcset":"https:\/\/i0.wp.com\/nadzsnacks.com\/wp-content\/uploads\/2024\/06\/banner-bot.jpg?resize=350%2C200&ssl=1 1x, https:\/\/i0.wp.com\/nadzsnacks.com\/wp-content\/uploads\/2024\/06\/banner-bot.jpg?resize=525%2C300&ssl=1 1.5x, https:\/\/i0.wp.com\/nadzsnacks.com\/wp-content\/uploads\/2024\/06\/banner-bot.jpg?resize=700%2C400&ssl=1 2x, https:\/\/i0.wp.com\/nadzsnacks.com\/wp-content\/uploads\/2024\/06\/banner-bot.jpg?resize=1050%2C600&ssl=1 3x, https:\/\/i0.wp.com\/nadzsnacks.com\/wp-content\/uploads\/2024\/06\/banner-bot.jpg?resize=1400%2C800&ssl=1 4x"},"classes":[]}],"jetpack_sharing_enabled":true,"_links":{"self":[{"href":"https:\/\/nadzsnacks.com\/en\/wp-json\/wp\/v2\/pages\/110","targetHints":{"allow":["GET"]}}],"collection":[{"href":"https:\/\/nadzsnacks.com\/en\/wp-json\/wp\/v2\/pages"}],"about":[{"href":"https:\/\/nadzsnacks.com\/en\/wp-json\/wp\/v2\/types\/page"}],"author":[{"embeddable":true,"href":"https:\/\/nadzsnacks.com\/en\/wp-json\/wp\/v2\/users\/1"}],"replies":[{"embeddable":true,"href":"https:\/\/nadzsnacks.com\/en\/wp-json\/wp\/v2\/comments?post=110"}],"version-history":[{"count":1,"href":"https:\/\/nadzsnacks.com\/en\/wp-json\/wp\/v2\/pages\/110\/revisions"}],"predecessor-version":[{"id":1089,"href":"https:\/\/nadzsnacks.com\/en\/wp-json\/wp\/v2\/pages\/110\/revisions\/1089"}],"wp:attachment":[{"href":"https:\/\/nadzsnacks.com\/en\/wp-json\/wp\/v2\/media?parent=110"}],"curies":[{"name":"wp","href":"https:\/\/api.w.org\/{rel}","templated":true}]}}