{"id":5423,"date":"2025-03-01T12:38:17","date_gmt":"2025-03-01T12:38:17","guid":{"rendered":"https:\/\/nadzsnacks.com\/?page_id=5423"},"modified":"2025-03-01T12:50:37","modified_gmt":"2025-03-01T12:50:37","slug":"ma-cuisine-marocaine","status":"publish","type":"page","link":"https:\/\/nadzsnacks.com\/en\/ma-cuisine-marocaine","title":{"rendered":"Ma cuisine marocaine"},"content":{"rendered":"<div data-elementor-type=\"wp-page\" data-elementor-id=\"5423\" class=\"elementor elementor-5423\" data-elementor-post-type=\"page\">\n\t\t\t\t<div class=\"elementor-element elementor-element-a05bb3c e-flex e-con-boxed e-con e-parent\" data-id=\"a05bb3c\" data-element_type=\"container\" data-e-type=\"container\">\n\t\t\t\t\t<div class=\"e-con-inner\">\n\t\t<div class=\"elementor-element elementor-element-3266005 e-con-full e-flex e-con e-child\" data-id=\"3266005\" data-element_type=\"container\" data-e-type=\"container\">\n\t\t\t\t<div class=\"elementor-element elementor-element-d63a3d6 elementor-pagination-position-outside elementor-widget elementor-widget-image-carousel\" data-id=\"d63a3d6\" data-element_type=\"widget\" data-e-type=\"widget\" data-settings=\"{&quot;slides_to_show&quot;:&quot;1&quot;,&quot;navigation&quot;:&quot;dots&quot;,&quot;autoplay&quot;:&quot;yes&quot;,&quot;pause_on_hover&quot;:&quot;yes&quot;,&quot;pause_on_interaction&quot;:&quot;yes&quot;,&quot;autoplay_speed&quot;:5000,&quot;infinite&quot;:&quot;yes&quot;,&quot;effect&quot;:&quot;slide&quot;,&quot;speed&quot;:500}\" data-widget_type=\"image-carousel.default\">\n\t\t\t\t<div class=\"elementor-widget-container\">\n\t\t\t\t\t\t\t<div class=\"elementor-image-carousel-wrapper swiper\" role=\"region\" aria-roledescription=\"carousel\" aria-label=\"Carrousel d\u2019images\" dir=\"ltr\">\n\t\t\t<div class=\"elementor-image-carousel swiper-wrapper\" aria-live=\"off\">\n\t\t\t\t\t\t\t\t<div class=\"swiper-slide\" role=\"group\" aria-roledescription=\"slide\" aria-label=\"1 of 2\"><figure class=\"swiper-slide-inner\"><img decoding=\"async\" class=\"swiper-slide-image\" src=\"https:\/\/nadzsnacks.com\/wp-content\/uploads\/2025\/03\/WhatsApp-Image-2025-03-01-a-13.26.41_d4f97398.jpg\" alt=\"WhatsApp Image 2025-03-01 \u00e0 13.26.41_d4f97398\" \/><\/figure><\/div><div class=\"swiper-slide\" role=\"group\" aria-roledescription=\"slide\" aria-label=\"2 of 2\"><figure class=\"swiper-slide-inner\"><img decoding=\"async\" class=\"swiper-slide-image\" src=\"https:\/\/nadzsnacks.com\/wp-content\/uploads\/2025\/03\/WhatsApp-Image-2025-03-01-a-13.27.38_9f3fdee9.jpg\" alt=\"WhatsApp Image 2025-03-01 \u00e0 13.27.38_9f3fdee9\" \/><\/figure><\/div>\t\t\t<\/div>\n\t\t\t\t\t\t\t\n\t\t\t\t\t\t\t\t\t<div class=\"swiper-pagination\"><\/div>\n\t\t\t\t\t\t\t\t\t<\/div>\n\t\t\t\t\t\t<\/div>\n\t\t\t\t<\/div>\n\t\t\t\t<\/div>\n\t\t<div class=\"elementor-element elementor-element-e1c8c8e e-con-full e-flex e-con e-child\" data-id=\"e1c8c8e\" data-element_type=\"container\" data-e-type=\"container\">\n\t\t\t\t<div class=\"elementor-element elementor-element-02723df elementor-widget elementor-widget-heading\" data-id=\"02723df\" data-element_type=\"widget\" data-e-type=\"widget\" data-widget_type=\"heading.default\">\n\t\t\t\t<div class=\"elementor-widget-container\">\n\t\t\t\t\t<h2 class=\"elementor-heading-title elementor-size-default\">D\u00e9couvre mon premier livre \"Ma cuisine marocaine\"<\/h2>\t\t\t\t<\/div>\n\t\t\t\t<\/div>\n\t\t\t\t<div class=\"elementor-element elementor-element-76d684c elementor-widget elementor-widget-text-editor\" data-id=\"76d684c\" data-element_type=\"widget\" data-e-type=\"widget\" data-widget_type=\"text-editor.default\">\n\t\t\t\t<div class=\"elementor-widget-container\">\n\t\t\t\t\t\t\t\t\t<p>Je vous propose dans ce livre 70 recettes marocaines revisite\u0301es et modernise\u0301es !<\/p><p>Faciles, gourmandes et toujours inspire\u0301es de mon Maroc natal, je les re\u0301invente pour les adapter a\u0300 ma vie de tous les jours, en proposant souvent des options cre\u0301atives, sans gluten et des alternatives ve\u0301ge\u0301tariennes.<\/p><p>Re\u0301galez-vous avec des minis cups de pastilla au poulet, du saumon laque\u0301 a\u0300 l&#8217;harissa et au miel, de la pastilla fac\u0327on Baklawa aux pommes carame\u0301lise\u0301es, du tajine de poulet a\u0300 l&#8217;orange et aux e\u0301pices, du granola de sarrasin, des cornes de gazelle au se\u0301same, et bien plus encore\u2026<\/p><p>Je suis tellement impatiente que ce livre soit entre vos mains ! Merci de me soutenir, et j&#8217;espe\u0300re que nous aurons l&#8217;occasion d&#8217;en cre\u0301er beaucoup d&#8217;autres\u00a0ensemble\u00a0<\/p>\t\t\t\t\t\t\t\t<\/div>\n\t\t\t\t<\/div>\n\t\t<div class=\"elementor-element elementor-element-e86863a e-con-full e-flex e-con e-child\" data-id=\"e86863a\" data-element_type=\"container\" data-e-type=\"container\">\n\t\t\t\t<div class=\"elementor-element elementor-element-304b4a5 elementor-widget elementor-widget-button\" data-id=\"304b4a5\" data-element_type=\"widget\" data-e-type=\"widget\" data-widget_type=\"button.default\">\n\t\t\t\t<div class=\"elementor-widget-container\">\n\t\t\t\t\t\t\t\t\t<div class=\"elementor-button-wrapper\">\n\t\t\t\t\t<a class=\"elementor-button elementor-button-link elementor-size-sm\" href=\"https:\/\/www.fnac.com\/a20993545\/Nada-El-Hanini-Ma-cuisine-marocaine\" target=\"_blank\" rel=\"nofollow noopener\">\n\t\t\t\t\t\t<span class=\"elementor-button-content-wrapper\">\n\t\t\t\t\t\t\t\t\t<span class=\"elementor-button-text\">Acheter le livre \ud83c\uddeb\ud83c\uddf7<\/span>\n\t\t\t\t\t<\/span>\n\t\t\t\t\t<\/a>\n\t\t\t\t<\/div>\n\t\t\t\t\t\t\t\t<\/div>\n\t\t\t\t<\/div>\n\t\t\t\t<div class=\"elementor-element elementor-element-eb0ee27 elementor-widget elementor-widget-button\" data-id=\"eb0ee27\" data-element_type=\"widget\" data-e-type=\"widget\" data-widget_type=\"button.default\">\n\t\t\t\t<div class=\"elementor-widget-container\">\n\t\t\t\t\t\t\t\t\t<div class=\"elementor-button-wrapper\">\n\t\t\t\t\t<a class=\"elementor-button elementor-button-link elementor-size-sm\" href=\"https:\/\/mexiquebookshop.com\/ma-cuisine-marocaine---70-recettes-twistees-de-paris-a-marrakech-37355-p.asp\" target=\"_blank\" rel=\"nofollow noopener\">\n\t\t\t\t\t\t<span class=\"elementor-button-content-wrapper\">\n\t\t\t\t\t\t\t\t\t<span class=\"elementor-button-text\">Acheter le livre \ud83c\uddf2\ud83c\udde6<\/span>\n\t\t\t\t\t<\/span>\n\t\t\t\t\t<\/a>\n\t\t\t\t<\/div>\n\t\t\t\t\t\t\t\t<\/div>\n\t\t\t\t<\/div>\n\t\t\t\t<\/div>\n\t\t\t\t<\/div>\n\t\t\t\t\t<\/div>\n\t\t\t\t<\/div>\n\t\t\t\t<\/div>","protected":false},"excerpt":{"rendered":"<p>D\u00e9couvre mon premier livre &#8220;Ma cuisine marocaine&#8221; Je vous propose dans ce livre 70 recettes marocaines revisite\u0301es et modernise\u0301es ! Faciles, gourmandes et toujours inspire\u0301es de mon Maroc natal, je les re\u0301invente pour les adapter a\u0300 ma vie de tous les jours, en proposant souvent des options cre\u0301atives, sans gluten et des alternatives ve\u0301ge\u0301tariennes. Re\u0301galez-vous avec des minis cups de pastilla au poulet, du saumon laque\u0301 a\u0300 l&#8217;harissa et au miel, de la pastilla fac\u0327on Baklawa aux pommes carame\u0301lise\u0301es, du tajine de poulet a\u0300 l&#8217;orange et aux e\u0301pices, du granola de sarrasin, des cornes de gazelle au se\u0301same, et bien [&hellip;]<\/p>","protected":false},"author":1,"featured_media":0,"parent":0,"menu_order":0,"comment_status":"closed","ping_status":"closed","template":"","meta":{"wprm-recipe-roundup-name":"","wprm-recipe-roundup-description":"","_monsterinsights_skip_tracking":false,"_monsterinsights_sitenote_active":false,"_monsterinsights_sitenote_note":"","_monsterinsights_sitenote_category":0,"footnotes":""},"class_list":["post-5423","page","type-page","status-publish","format-standard","hentry","odd"],"jetpack-related-posts":[{"id":98,"url":"https:\/\/nadzsnacks.com\/en\/a-propos","url_meta":{"origin":5423,"position":0},"title":"A propos","author":"Nada EL","date":"3 November 2020","format":false,"excerpt":"Rencontrez Nada NADA est la fondatrice, d\u00e9veloppeuse de recettes et cr\u00e9atrice culinaire derri\u00e8re les comptes populaires @Nadzsnacks, avec une forte pr\u00e9sence sur Instagram, YouTube et TikTok. Bas\u00e9e \u00e0 la fois \u00e0 Lyon et \u00e0 Casablanca, le parcours de Nada a d\u00e9but\u00e9 par une passion profonde pour la cuisine, inspir\u00e9e par\u2026","rel":"","context":"Similar post","block_context":{"text":"Similar post","link":""},"img":{"alt_text":"","src":"https:\/\/i0.wp.com\/nadzsnacks.com\/wp-content\/uploads\/2025\/04\/IMG_9297-500x500.jpeg?resize=350%2C200&ssl=1","width":350,"height":200},"classes":[]},{"id":60,"url":"https:\/\/nadzsnacks.com\/en\/home","url_meta":{"origin":5423,"position":1},"title":"NADZSNACKS","author":"Nada EL","date":"23 September 2023","format":false,"excerpt":"Vous allez adorer ce pain de mie sans gluten parfum\u00e9 au cumin, inspir\u00e9 du c\u00e9l\u00e8bre pain marocain que l\u2019on trouve dans toutes les \u00e9piceries au Maroc. Il a une mie moelleuse, une cro\u00fbte d\u00e9licieusement croustillante, et une saveur incroyable gr\u00e2ce au cumin. Cette recette de pain sans gluten est \u00e9galement\u2026","rel":"","context":"Similar post","block_context":{"text":"Similar post","link":""},"img":{"alt_text":"","src":"https:\/\/i0.wp.com\/nadzsnacks.com\/wp-content\/uploads\/2023\/11\/IMG_1700-scaled.jpg?resize=350%2C200&ssl=1","width":350,"height":200,"srcset":"https:\/\/i0.wp.com\/nadzsnacks.com\/wp-content\/uploads\/2023\/11\/IMG_1700-scaled.jpg?resize=350%2C200&ssl=1 1x, https:\/\/i0.wp.com\/nadzsnacks.com\/wp-content\/uploads\/2023\/11\/IMG_1700-scaled.jpg?resize=525%2C300&ssl=1 1.5x, https:\/\/i0.wp.com\/nadzsnacks.com\/wp-content\/uploads\/2023\/11\/IMG_1700-scaled.jpg?resize=700%2C400&ssl=1 2x, https:\/\/i0.wp.com\/nadzsnacks.com\/wp-content\/uploads\/2023\/11\/IMG_1700-scaled.jpg?resize=1050%2C600&ssl=1 3x, https:\/\/i0.wp.com\/nadzsnacks.com\/wp-content\/uploads\/2023\/11\/IMG_1700-scaled.jpg?resize=1400%2C800&ssl=1 4x"},"classes":[]},{"id":2634,"url":"https:\/\/nadzsnacks.com\/en\/accueil","url_meta":{"origin":5423,"position":2},"title":"Accueil","author":"Nada EL","date":"17 May 2024","format":false,"excerpt":"https:\/\/www.youtube.com\/watch?v=ZvXT-X70Nx0&t=621s Cat\u00e9gorie 1 Cat\u00e9gorie 2 Cat\u00e9gorie 3 Cat\u00e9gorie 4 Pr\u00e9c\u00e9dent Suivant Parcourir les cat\u00e9gories Tu recherches une recette ? Fais une recherche par cat\u00e9gorie ou par plat. Les derni\u00e8res recettes Recette #1Lorem ipsum dolor sit amet, consectetur adipiscing elit. Ut elit tellus, luctus nec ullamcorper mattis, pulvinar dapibus leo. Lire\u2026","rel":"","context":"Similar post","block_context":{"text":"Similar post","link":""},"img":{"alt_text":"","src":"https:\/\/i0.wp.com\/nadzsnacks.com\/wp-content\/uploads\/2024\/06\/banner-bot.jpg?resize=350%2C200&ssl=1","width":350,"height":200,"srcset":"https:\/\/i0.wp.com\/nadzsnacks.com\/wp-content\/uploads\/2024\/06\/banner-bot.jpg?resize=350%2C200&ssl=1 1x, https:\/\/i0.wp.com\/nadzsnacks.com\/wp-content\/uploads\/2024\/06\/banner-bot.jpg?resize=525%2C300&ssl=1 1.5x, https:\/\/i0.wp.com\/nadzsnacks.com\/wp-content\/uploads\/2024\/06\/banner-bot.jpg?resize=700%2C400&ssl=1 2x, https:\/\/i0.wp.com\/nadzsnacks.com\/wp-content\/uploads\/2024\/06\/banner-bot.jpg?resize=1050%2C600&ssl=1 3x, https:\/\/i0.wp.com\/nadzsnacks.com\/wp-content\/uploads\/2024\/06\/banner-bot.jpg?resize=1400%2C800&ssl=1 4x"},"classes":[]},{"id":5435,"url":"https:\/\/nadzsnacks.com\/en\/mon-tablier-made-in-maroc","url_meta":{"origin":5423,"position":3},"title":"Mon tablier","author":"Nada EL","date":"1 March 2025","format":false,"excerpt":"Mon tablier Ce tablier est le fruit de la collaboration entre Mena Creation & Nadzsnacks !Nous avons uni nos univers pour cre\u0301er un tablier de cuisine qui allie tradition et modernite\u0301, avec un ve\u0301ritable souci du de\u0301tail et du savoir-faire.Il incarne un univers que nous partageons, et j'espe\u0300re qu'il vous\u2026","rel":"","context":"Similar post","block_context":{"text":"Similar post","link":""},"img":{"alt_text":"","src":"","width":0,"height":0},"classes":[]},{"id":1077,"url":"https:\/\/nadzsnacks.com\/en\/sample-page-2","url_meta":{"origin":5423,"position":4},"title":"Sample Page","author":"Nada EL","date":"19 December 2022","format":false,"excerpt":"This is an example page. It's different from a blog post because it will stay in one place and will show up in your site navigation (in most themes). Most people start with an About page that introduces them to potential site visitors. It might say something like this: Hi\u2026","rel":"","context":"Similar post","block_context":{"text":"Similar post","link":""},"img":{"alt_text":"","src":"","width":0,"height":0},"classes":[]},{"id":1061,"url":"https:\/\/nadzsnacks.com\/en\/faq","url_meta":{"origin":5423,"position":5},"title":"FAQ","author":"Nada EL","date":"3 January 2023","format":false,"excerpt":"Here are some popular FAQ\u00e2\u20ac\u2122s about my design services: How long does it take for me to receive my theme after I have purchased it? We will send you a link to download your theme instantly after your purchase is proceed. For the custom design services- please contact me for\u2026","rel":"","context":"Similar post","block_context":{"text":"Similar post","link":""},"img":{"alt_text":"","src":"","width":0,"height":0},"classes":[]}],"jetpack_sharing_enabled":true,"_links":{"self":[{"href":"https:\/\/nadzsnacks.com\/en\/wp-json\/wp\/v2\/pages\/5423","targetHints":{"allow":["GET"]}}],"collection":[{"href":"https:\/\/nadzsnacks.com\/en\/wp-json\/wp\/v2\/pages"}],"about":[{"href":"https:\/\/nadzsnacks.com\/en\/wp-json\/wp\/v2\/types\/page"}],"author":[{"embeddable":true,"href":"https:\/\/nadzsnacks.com\/en\/wp-json\/wp\/v2\/users\/1"}],"replies":[{"embeddable":true,"href":"https:\/\/nadzsnacks.com\/en\/wp-json\/wp\/v2\/comments?post=5423"}],"version-history":[{"count":13,"href":"https:\/\/nadzsnacks.com\/en\/wp-json\/wp\/v2\/pages\/5423\/revisions"}],"predecessor-version":[{"id":5448,"href":"https:\/\/nadzsnacks.com\/en\/wp-json\/wp\/v2\/pages\/5423\/revisions\/5448"}],"wp:attachment":[{"href":"https:\/\/nadzsnacks.com\/en\/wp-json\/wp\/v2\/media?parent=5423"}],"curies":[{"name":"wp","href":"https:\/\/api.w.org\/{rel}","templated":true}]}}