{"id":602,"date":"2020-11-05T11:45:49","date_gmt":"2020-11-05T11:45:49","guid":{"rendered":"https:\/\/wp.kotrynabassdesign.com\/studio11\/?page_id=602"},"modified":"2020-11-05T11:45:49","modified_gmt":"2020-11-05T11:45:49","slug":"work-with-me","status":"publish","type":"page","link":"https:\/\/nadzsnacks.com\/en\/work-with-me","title":{"rendered":"Work With Me"},"content":{"rendered":"<div class=\"wp-block-media-text alignwide is-stacked-on-mobile workwith\"><figure class=\"wp-block-media-text__media\"><img decoding=\"async\" src=\"http:\/\/studio11.kobathemes.com\/wp-content\/uploads\/2020\/11\/DSC07985-683x1024.jpg\" alt=\"\" class=\"wp-image-603 size-full\"\/><\/figure><div class=\"wp-block-media-text__content\">\n<h2 class=\"wp-block-heading\">Hey, I&#8217;m Kotryna &amp; I want to build the best website for your business!<\/h2>\n\n\n\n<p>Lorem ipsum dolor sit amet, consectetur adipiscing elit, sed do eiusmod tempor incididunt ut labore et dolore magna aliqua. Ut enim ad minim veniam, quis nostrud exercitation ullamco laboris nisi ut aliquip ex ea commodo consequat. <\/p>\n\n\n\n<p>Duis aute irure dolor in reprehenderit in voluptate velit esse cillum dolore eu fugiat nulla pariatur. Excepteur sint occaecat cupidatat non proident, sunt in culpa qui officia deserunt mollit anim id est laborum.<\/p>\n\n\n\n<p><a href=\"https:\/\/wp.kotrynabassdesign.com\/studio11\/shop\/\" rel=\"nofollow noopener\" target=\"_blank\">Work with me &gt;<\/a><\/p>\n\n\n\n<p><\/p>\n\n\n\n<p><\/p>\n<\/div><\/div>\n\n\n\n<div style=\"height:70px\" aria-hidden=\"true\" class=\"wp-block-spacer\"><\/div>\n\n\n\n<p><\/p>\n\n\n\n<h2 class=\"has-text-align-center wp-block-heading\">Services<\/h2>\n\n\n\n<p class=\"has-text-align-center\">Lorem ipsum dolor sit amet, consectetur adipiscing elit, sed do eiusmod tempor incididunt ut labore et dolore magna aliqua. Sed do eiusmod tempor incididunt ut labore et dolore magna aliqua.<\/p>\n\n\n\n<div class=\"wp-block-columns is-layout-flex wp-container-core-columns-is-layout-9d6595d7 wp-block-columns-is-layout-flex\">\n<div class=\"wp-block-column is-layout-flow wp-block-column-is-layout-flow\">\n<figure class=\"wp-block-image size-large\"><img decoding=\"async\" src=\"https:\/\/fresh.kobathemes.com\/wp-content\/uploads\/2020\/11\/testing.jpg\" alt=\"\" class=\"wp-image-578\"\/><\/figure>\n\n\n\n<h3 class=\"has-text-align-center wp-block-heading\">Service 1<\/h3>\n\n\n\n<ul class=\"wp-block-list\">\n<li>Lorem ipsum dolor sit amet;<\/li>\n\n\n\n<li>Consectetur adipiscing elit;<\/li>\n\n\n\n<li>Sed do eiusmod tempor incididunt;<\/li>\n\n\n\n<li>Ut labore et dolore magna aliqua;<\/li>\n\n\n\n<li>Ut enim ad minim veniam;<\/li>\n\n\n\n<li>Quis nostrud exercitation;<\/li>\n<\/ul>\n\n\n\n<div class=\"wp-block-buttons is-content-justification-center is-layout-flex wp-container-core-buttons-is-layout-16018d1d wp-block-buttons-is-layout-flex\">\n<div class=\"wp-block-button\"><a class=\"wp-block-button__link has-black-background-color has-background wp-element-button\" style=\"border-radius:0px\">INVEST $49<\/a><\/div>\n<\/div>\n<\/div>\n\n\n\n<div class=\"wp-block-column is-layout-flow wp-block-column-is-layout-flow\">\n<figure class=\"wp-block-image size-large\"><img decoding=\"async\" src=\"https:\/\/fresh.kobathemes.com\/wp-content\/uploads\/2020\/11\/kb.jpeg\" alt=\"\" class=\"wp-image-580\"\/><\/figure>\n\n\n\n<h3 class=\"has-text-align-center wp-block-heading\">Service 2<\/h3>\n\n\n\n<ul class=\"wp-block-list\">\n<li>Lorem ipsum dolor sit amet;<\/li>\n\n\n\n<li>Consectetur adipiscing elit;<\/li>\n\n\n\n<li>Sed do eiusmod tempor incididunt;<\/li>\n\n\n\n<li>Ut labore et dolore magna aliqua;<\/li>\n\n\n\n<li>Ut enim ad minim veniam;<\/li>\n\n\n\n<li>Quis nostrud exercitation;<\/li>\n<\/ul>\n\n\n\n<div class=\"wp-block-buttons is-content-justification-center is-layout-flex wp-container-core-buttons-is-layout-16018d1d wp-block-buttons-is-layout-flex\">\n<div class=\"wp-block-button\"><a class=\"wp-block-button__link has-black-background-color has-background wp-element-button\" style=\"border-radius:0px\">INVEST $49<\/a><\/div>\n<\/div>\n<\/div>\n\n\n\n<div class=\"wp-block-column is-layout-flow wp-block-column-is-layout-flow\">\n<figure class=\"wp-block-image size-large\"><img decoding=\"async\" src=\"https:\/\/fresh.kobathemes.com\/wp-content\/uploads\/2020\/11\/mindful-approach.jpg\" alt=\"\" class=\"wp-image-576\"\/><\/figure>\n\n\n\n<h3 class=\"has-text-align-center wp-block-heading\">Service 3<\/h3>\n\n\n\n<ul class=\"wp-block-list\">\n<li>Lorem ipsum dolor sit amet;<\/li>\n\n\n\n<li>Consectetur adipiscing elit;<\/li>\n\n\n\n<li>Sed do eiusmod tempor incididunt;<\/li>\n\n\n\n<li>Ut labore et dolore magna aliqua;<\/li>\n\n\n\n<li>Ut enim ad minim veniam;<\/li>\n\n\n\n<li>Quis nostrud exercitation;<\/li>\n<\/ul>\n\n\n\n<div class=\"wp-block-buttons is-content-justification-center is-layout-flex wp-container-core-buttons-is-layout-16018d1d wp-block-buttons-is-layout-flex\">\n<div class=\"wp-block-button\"><a class=\"wp-block-button__link has-black-background-color has-background wp-element-button\" style=\"border-radius:0px\">INVEST $49<\/a><\/div>\n<\/div>\n<\/div>\n<\/div>\n\n\n\n<p><\/p>\n\n\n\n<figure class=\"wp-block-gallery has-nested-images columns-default is-cropped wp-block-gallery-1 is-layout-flex wp-block-gallery-is-layout-flex\"><\/figure>\n\n\n\n<p class=\"has-text-align-center\"> <\/p>","protected":false},"excerpt":{"rendered":"<p>Hey, I&#8217;m Kotryna &amp; I want to build the best website for your business! Lorem ipsum dolor sit amet, consectetur adipiscing elit, sed do eiusmod tempor incididunt ut labore et dolore magna aliqua. Ut enim ad minim veniam, quis nostrud exercitation ullamco laboris nisi ut aliquip ex ea commodo consequat. Duis aute irure dolor in reprehenderit in voluptate velit esse cillum dolore eu fugiat nulla pariatur. Excepteur sint occaecat cupidatat non proident, sunt in culpa qui officia deserunt mollit anim id est laborum. Work with me &gt; Services Lorem ipsum dolor sit amet, consectetur adipiscing elit, sed do eiusmod tempor [&hellip;]<\/p>","protected":false},"author":1,"featured_media":0,"parent":0,"menu_order":0,"comment_status":"closed","ping_status":"closed","template":"","meta":{"wprm-recipe-roundup-name":"","wprm-recipe-roundup-description":"","_monsterinsights_skip_tracking":false,"_monsterinsights_sitenote_active":false,"_monsterinsights_sitenote_note":"","_monsterinsights_sitenote_category":0,"footnotes":""},"class_list":["post-602","page","type-page","status-publish","format-standard","hentry","odd"],"jetpack-related-posts":[{"id":2634,"url":"https:\/\/nadzsnacks.com\/en\/accueil","url_meta":{"origin":602,"position":0},"title":"Accueil","author":"Nada EL","date":"17 May 2024","format":false,"excerpt":"https:\/\/www.youtube.com\/watch?v=ZvXT-X70Nx0&t=621s Cat\u00e9gorie 1 Cat\u00e9gorie 2 Cat\u00e9gorie 3 Cat\u00e9gorie 4 Pr\u00e9c\u00e9dent Suivant Parcourir les cat\u00e9gories Tu recherches une recette ? Fais une recherche par cat\u00e9gorie ou par plat. Les derni\u00e8res recettes Recette #1Lorem ipsum dolor sit amet, consectetur adipiscing elit. Ut elit tellus, luctus nec ullamcorper mattis, pulvinar dapibus leo. Lire\u2026","rel":"","context":"Similar post","block_context":{"text":"Similar post","link":""},"img":{"alt_text":"","src":"https:\/\/i0.wp.com\/nadzsnacks.com\/wp-content\/uploads\/2024\/06\/banner-bot.jpg?resize=350%2C200&ssl=1","width":350,"height":200,"srcset":"https:\/\/i0.wp.com\/nadzsnacks.com\/wp-content\/uploads\/2024\/06\/banner-bot.jpg?resize=350%2C200&ssl=1 1x, https:\/\/i0.wp.com\/nadzsnacks.com\/wp-content\/uploads\/2024\/06\/banner-bot.jpg?resize=525%2C300&ssl=1 1.5x, https:\/\/i0.wp.com\/nadzsnacks.com\/wp-content\/uploads\/2024\/06\/banner-bot.jpg?resize=700%2C400&ssl=1 2x, https:\/\/i0.wp.com\/nadzsnacks.com\/wp-content\/uploads\/2024\/06\/banner-bot.jpg?resize=1050%2C600&ssl=1 3x, https:\/\/i0.wp.com\/nadzsnacks.com\/wp-content\/uploads\/2024\/06\/banner-bot.jpg?resize=1400%2C800&ssl=1 4x"},"classes":[]},{"id":1077,"url":"https:\/\/nadzsnacks.com\/en\/sample-page-2","url_meta":{"origin":602,"position":1},"title":"Sample Page","author":"Nada EL","date":"19 December 2022","format":false,"excerpt":"This is an example page. It's different from a blog post because it will stay in one place and will show up in your site navigation (in most themes). Most people start with an About page that introduces them to potential site visitors. It might say something like this: Hi\u2026","rel":"","context":"Similar post","block_context":{"text":"Similar post","link":""},"img":{"alt_text":"","src":"","width":0,"height":0},"classes":[]},{"id":5435,"url":"https:\/\/nadzsnacks.com\/en\/mon-tablier-made-in-maroc","url_meta":{"origin":602,"position":2},"title":"Mon tablier","author":"Nada EL","date":"1 March 2025","format":false,"excerpt":"Mon tablier Ce tablier est le fruit de la collaboration entre Mena Creation & Nadzsnacks !Nous avons uni nos univers pour cre\u0301er un tablier de cuisine qui allie tradition et modernite\u0301, avec un ve\u0301ritable souci du de\u0301tail et du savoir-faire.Il incarne un univers que nous partageons, et j'espe\u0300re qu'il vous\u2026","rel":"","context":"Similar post","block_context":{"text":"Similar post","link":""},"img":{"alt_text":"","src":"","width":0,"height":0},"classes":[]},{"id":1061,"url":"https:\/\/nadzsnacks.com\/en\/faq","url_meta":{"origin":602,"position":3},"title":"FAQ","author":"Nada EL","date":"3 January 2023","format":false,"excerpt":"Here are some popular FAQ\u00e2\u20ac\u2122s about my design services: How long does it take for me to receive my theme after I have purchased it? We will send you a link to download your theme instantly after your purchase is proceed. For the custom design services- please contact me for\u2026","rel":"","context":"Similar post","block_context":{"text":"Similar post","link":""},"img":{"alt_text":"","src":"","width":0,"height":0},"classes":[]}],"jetpack_sharing_enabled":true,"_links":{"self":[{"href":"https:\/\/nadzsnacks.com\/en\/wp-json\/wp\/v2\/pages\/602","targetHints":{"allow":["GET"]}}],"collection":[{"href":"https:\/\/nadzsnacks.com\/en\/wp-json\/wp\/v2\/pages"}],"about":[{"href":"https:\/\/nadzsnacks.com\/en\/wp-json\/wp\/v2\/types\/page"}],"author":[{"embeddable":true,"href":"https:\/\/nadzsnacks.com\/en\/wp-json\/wp\/v2\/users\/1"}],"replies":[{"embeddable":true,"href":"https:\/\/nadzsnacks.com\/en\/wp-json\/wp\/v2\/comments?post=602"}],"version-history":[{"count":0,"href":"https:\/\/nadzsnacks.com\/en\/wp-json\/wp\/v2\/pages\/602\/revisions"}],"wp:attachment":[{"href":"https:\/\/nadzsnacks.com\/en\/wp-json\/wp\/v2\/media?parent=602"}],"curies":[{"name":"wp","href":"https:\/\/api.w.org\/{rel}","templated":true}]}}