{"id":98,"date":"2020-11-03T19:18:00","date_gmt":"2020-11-03T19:18:00","guid":{"rendered":"https:\/\/wp.kotrynabassdesign.com\/studio11\/?page_id=98"},"modified":"2025-04-14T10:49:11","modified_gmt":"2025-04-14T10:49:11","slug":"a-propos","status":"publish","type":"page","link":"https:\/\/nadzsnacks.com\/en\/a-propos","title":{"rendered":"A propos"},"content":{"rendered":"<div data-elementor-type=\"wp-page\" data-elementor-id=\"98\" class=\"elementor elementor-98\" data-elementor-post-type=\"page\">\n\t\t\t\t<div class=\"elementor-element elementor-element-103997e e-flex e-con-boxed e-con e-parent\" data-id=\"103997e\" data-element_type=\"container\" data-e-type=\"container\">\n\t\t\t\t\t<div class=\"e-con-inner\">\n\t\t\t\t<div class=\"elementor-element elementor-element-f6a7edd elementor-widget elementor-widget-image\" data-id=\"f6a7edd\" data-element_type=\"widget\" data-e-type=\"widget\" data-widget_type=\"image.default\">\n\t\t\t\t<div class=\"elementor-widget-container\">\n\t\t\t\t\t\t\t\t\t\t\t\t\t\t\t<img fetchpriority=\"high\" decoding=\"async\" width=\"500\" height=\"500\" src=\"https:\/\/nadzsnacks.com\/wp-content\/uploads\/2025\/04\/IMG_9297-500x500.jpeg\" class=\"attachment-wprm-metadata-1_1 size-wprm-metadata-1_1 wp-image-6753\" alt=\"\" srcset=\"https:\/\/nadzsnacks.com\/wp-content\/uploads\/2025\/04\/IMG_9297-500x500.jpeg 500w, https:\/\/nadzsnacks.com\/wp-content\/uploads\/2025\/04\/IMG_9297-150x150.jpeg 150w, https:\/\/nadzsnacks.com\/wp-content\/uploads\/2025\/04\/IMG_9297-300x300.jpeg 300w, https:\/\/nadzsnacks.com\/wp-content\/uploads\/2025\/04\/IMG_9297-100x100.jpeg 100w\" sizes=\"(max-width: 500px) 100vw, 500px\" \/>\t\t\t\t\t\t\t\t\t\t\t\t\t\t\t<\/div>\n\t\t\t\t<\/div>\n\t\t\t\t\t<\/div>\n\t\t\t\t<\/div>\n\t\t<div class=\"elementor-element elementor-element-7c198d5d e-flex e-con-boxed e-con e-parent\" data-id=\"7c198d5d\" data-element_type=\"container\" data-e-type=\"container\">\n\t\t\t\t\t<div class=\"e-con-inner\">\n\t\t\t\t<div class=\"elementor-element elementor-element-667c262 elementor-widget elementor-widget-text-editor\" data-id=\"667c262\" data-element_type=\"widget\" data-e-type=\"widget\" data-widget_type=\"text-editor.default\">\n\t\t\t\t<div class=\"elementor-widget-container\">\n\t\t\t\t\t\t\t\t\t<h2>Rencontrez Nada<\/h2>\t\t\t\t\t\t\t\t<\/div>\n\t\t\t\t<\/div>\n\t\t\t\t<div class=\"elementor-element elementor-element-9968083 elementor-widget elementor-widget-text-editor\" data-id=\"9968083\" data-element_type=\"widget\" data-e-type=\"widget\" data-widget_type=\"text-editor.default\">\n\t\t\t\t<div class=\"elementor-widget-container\">\n\t\t\t\t\t\t\t\t\t<p><\/p>\n<div class=\"is-layout-flow wp-block-quote-is-layout-flow\" dir=\"ltr\">\n<div>\n<p>NADA est la fondatrice, d\u00e9veloppeuse de recettes et cr\u00e9atrice culinaire derri\u00e8re les comptes populaires @Nadzsnacks, avec une forte pr\u00e9sence sur Instagram, YouTube et TikTok. Bas\u00e9e \u00e0 la fois \u00e0 Lyon et \u00e0 Casablanca, le parcours de Nada a d\u00e9but\u00e9 par une passion profonde pour la cuisine, inspir\u00e9e par son h\u00e9ritage marocain, et un d\u00e9sir de partager sa vision moderne et ax\u00e9e sur la sant\u00e9 des recettes traditionnelles. Apr\u00e8s avoir quitt\u00e9 sa carri\u00e8re dans le droit, Nada a pleinement embrass\u00e9 son amour pour la cuisine et la cr\u00e9ation de contenu, se faisant un nom dans le monde culinaire.<\/p>\n<p>Nada est reconnue pour sa fusion cr\u00e9ative des saveurs marocaines avec la cuisine contemporaine, offrant des recettes saines et accessibles, riches en saveurs et en traditions. Elle s\u2019int\u00e9resse particuli\u00e8rement aux recettes sans gluten, anti-inflammatoires\u00a0 pour l\u2019\u00e9quilibre hormonal et le bien \u00eatre de mani\u00e8re g\u00e9n\u00e9ral , aidant son public \u00e0 d\u00e9couvrir des aliments qui correspondent \u00e0 leurs objectifs de bien-\u00eatre. De plus, Nada aime explorer la cuisine du monde, apportant une vari\u00e9t\u00e9 de saveurs internationales dans ses plats tout en maintenant une approche \u00e9quilibr\u00e9e et saine.<\/p>\n<p>Son storytelling engageant, son d\u00e9vouement au bien-\u00eatre et sa capacit\u00e9 \u00e0 se connecter avec son audience \u00e0 travers la nourriture en ont fait une source de confiance pour des recettes faciles \u00e0 suivre, mais uniques. Son audience la voient comme une figure &#8220;relatable&#8221; qui apporte chaleur, cr\u00e9ativit\u00e9 et authenticit\u00e9 \u00e0 chaque plat qu\u2019elle cr\u00e9e.<\/p>\n<p>Avec des apparitions sur diverses plateformes et des collaborations avec des marques bien connues, Nada continue d\u2019inspirer les autres \u00e0 trouver de la joie et de la cr\u00e9ativit\u00e9 dans leur propre cuisine, tout en restant fid\u00e8le \u00e0 ses racines et \u00e0 sa passion pour le bien-\u00eatre.<\/p>\n<\/div>\n<\/div>\n<p><\/p>\t\t\t\t\t\t\t\t<\/div>\n\t\t\t\t<\/div>\n\t\t\t\t\t<\/div>\n\t\t\t\t<\/div>\n\t\t\t\t<\/div>","protected":false},"excerpt":{"rendered":"<p>Rencontrez Nada NADA est la fondatrice, d\u00e9veloppeuse de recettes et cr\u00e9atrice culinaire derri\u00e8re les comptes populaires @Nadzsnacks, avec une forte pr\u00e9sence sur Instagram, YouTube et TikTok. Bas\u00e9e \u00e0 la fois \u00e0 Lyon et \u00e0 Casablanca, le parcours de Nada a d\u00e9but\u00e9 par une passion profonde pour la cuisine, inspir\u00e9e par son h\u00e9ritage marocain, et un d\u00e9sir de partager sa vision moderne et ax\u00e9e sur la sant\u00e9 des recettes traditionnelles. Apr\u00e8s avoir quitt\u00e9 sa carri\u00e8re dans le droit, Nada a pleinement embrass\u00e9 son amour pour la cuisine et la cr\u00e9ation de contenu, se faisant un nom dans le monde culinaire. Nada [&hellip;]<\/p>","protected":false},"author":1,"featured_media":0,"parent":0,"menu_order":0,"comment_status":"closed","ping_status":"closed","template":"","meta":{"wprm-recipe-roundup-name":"","wprm-recipe-roundup-description":"","_monsterinsights_skip_tracking":false,"_monsterinsights_sitenote_active":false,"_monsterinsights_sitenote_note":"","_monsterinsights_sitenote_category":0,"footnotes":""},"class_list":["post-98","page","type-page","status-publish","format-standard","hentry","odd"],"jetpack-related-posts":[{"id":60,"url":"https:\/\/nadzsnacks.com\/en\/home","url_meta":{"origin":98,"position":0},"title":"NADZSNACKS","author":"Nada EL","date":"23 September 2023","format":false,"excerpt":"Vous allez adorer ce pain de mie sans gluten parfum\u00e9 au cumin, inspir\u00e9 du c\u00e9l\u00e8bre pain marocain que l\u2019on trouve dans toutes les \u00e9piceries au Maroc. Il a une mie moelleuse, une cro\u00fbte d\u00e9licieusement croustillante, et une saveur incroyable gr\u00e2ce au cumin. Cette recette de pain sans gluten est \u00e9galement\u2026","rel":"","context":"Similar post","block_context":{"text":"Similar post","link":""},"img":{"alt_text":"","src":"https:\/\/i0.wp.com\/nadzsnacks.com\/wp-content\/uploads\/2023\/11\/IMG_1700-scaled.jpg?resize=350%2C200&ssl=1","width":350,"height":200,"srcset":"https:\/\/i0.wp.com\/nadzsnacks.com\/wp-content\/uploads\/2023\/11\/IMG_1700-scaled.jpg?resize=350%2C200&ssl=1 1x, https:\/\/i0.wp.com\/nadzsnacks.com\/wp-content\/uploads\/2023\/11\/IMG_1700-scaled.jpg?resize=525%2C300&ssl=1 1.5x, https:\/\/i0.wp.com\/nadzsnacks.com\/wp-content\/uploads\/2023\/11\/IMG_1700-scaled.jpg?resize=700%2C400&ssl=1 2x, https:\/\/i0.wp.com\/nadzsnacks.com\/wp-content\/uploads\/2023\/11\/IMG_1700-scaled.jpg?resize=1050%2C600&ssl=1 3x, https:\/\/i0.wp.com\/nadzsnacks.com\/wp-content\/uploads\/2023\/11\/IMG_1700-scaled.jpg?resize=1400%2C800&ssl=1 4x"},"classes":[]},{"id":2634,"url":"https:\/\/nadzsnacks.com\/en\/accueil","url_meta":{"origin":98,"position":1},"title":"Accueil","author":"Nada EL","date":"17 May 2024","format":false,"excerpt":"https:\/\/www.youtube.com\/watch?v=ZvXT-X70Nx0&t=621s Cat\u00e9gorie 1 Cat\u00e9gorie 2 Cat\u00e9gorie 3 Cat\u00e9gorie 4 Pr\u00e9c\u00e9dent Suivant Parcourir les cat\u00e9gories Tu recherches une recette ? Fais une recherche par cat\u00e9gorie ou par plat. Les derni\u00e8res recettes Recette #1Lorem ipsum dolor sit amet, consectetur adipiscing elit. Ut elit tellus, luctus nec ullamcorper mattis, pulvinar dapibus leo. Lire\u2026","rel":"","context":"Similar post","block_context":{"text":"Similar post","link":""},"img":{"alt_text":"","src":"https:\/\/i0.wp.com\/nadzsnacks.com\/wp-content\/uploads\/2024\/06\/banner-bot.jpg?resize=350%2C200&ssl=1","width":350,"height":200,"srcset":"https:\/\/i0.wp.com\/nadzsnacks.com\/wp-content\/uploads\/2024\/06\/banner-bot.jpg?resize=350%2C200&ssl=1 1x, https:\/\/i0.wp.com\/nadzsnacks.com\/wp-content\/uploads\/2024\/06\/banner-bot.jpg?resize=525%2C300&ssl=1 1.5x, https:\/\/i0.wp.com\/nadzsnacks.com\/wp-content\/uploads\/2024\/06\/banner-bot.jpg?resize=700%2C400&ssl=1 2x, https:\/\/i0.wp.com\/nadzsnacks.com\/wp-content\/uploads\/2024\/06\/banner-bot.jpg?resize=1050%2C600&ssl=1 3x, https:\/\/i0.wp.com\/nadzsnacks.com\/wp-content\/uploads\/2024\/06\/banner-bot.jpg?resize=1400%2C800&ssl=1 4x"},"classes":[]},{"id":5423,"url":"https:\/\/nadzsnacks.com\/en\/ma-cuisine-marocaine","url_meta":{"origin":98,"position":2},"title":"Ma cuisine marocaine","author":"Nada EL","date":"1 March 2025","format":false,"excerpt":"D\u00e9couvre mon premier livre \"Ma cuisine marocaine\" Je vous propose dans ce livre 70 recettes marocaines revisite\u0301es et modernise\u0301es !Faciles, gourmandes et toujours inspire\u0301es de mon Maroc natal, je les re\u0301invente pour les adapter a\u0300 ma vie de tous les jours, en proposant souvent des options cre\u0301atives, sans gluten et\u2026","rel":"","context":"Similar post","block_context":{"text":"Similar post","link":""},"img":{"alt_text":"","src":"","width":0,"height":0},"classes":[]},{"id":5435,"url":"https:\/\/nadzsnacks.com\/en\/mon-tablier-made-in-maroc","url_meta":{"origin":98,"position":3},"title":"Mon tablier","author":"Nada EL","date":"1 March 2025","format":false,"excerpt":"Mon tablier Ce tablier est le fruit de la collaboration entre Mena Creation & Nadzsnacks !Nous avons uni nos univers pour cre\u0301er un tablier de cuisine qui allie tradition et modernite\u0301, avec un ve\u0301ritable souci du de\u0301tail et du savoir-faire.Il incarne un univers que nous partageons, et j'espe\u0300re qu'il vous\u2026","rel":"","context":"Similar post","block_context":{"text":"Similar post","link":""},"img":{"alt_text":"","src":"","width":0,"height":0},"classes":[]},{"id":10,"url":"https:\/\/nadzsnacks.com\/en\/shop","url_meta":{"origin":98,"position":4},"title":"Shop","author":"Nada EL","date":"19 November 2023","format":false,"excerpt":"","rel":"","context":"Similar post","block_context":{"text":"Similar post","link":""},"img":{"alt_text":"","src":"","width":0,"height":0},"classes":[]},{"id":12,"url":"https:\/\/nadzsnacks.com\/en\/checkout","url_meta":{"origin":98,"position":5},"title":"Checkout","author":"Nada EL","date":"19 November 2023","format":false,"excerpt":"","rel":"","context":"Similar post","block_context":{"text":"Similar post","link":""},"img":{"alt_text":"","src":"","width":0,"height":0},"classes":[]}],"jetpack_sharing_enabled":true,"_links":{"self":[{"href":"https:\/\/nadzsnacks.com\/en\/wp-json\/wp\/v2\/pages\/98","targetHints":{"allow":["GET"]}}],"collection":[{"href":"https:\/\/nadzsnacks.com\/en\/wp-json\/wp\/v2\/pages"}],"about":[{"href":"https:\/\/nadzsnacks.com\/en\/wp-json\/wp\/v2\/types\/page"}],"author":[{"embeddable":true,"href":"https:\/\/nadzsnacks.com\/en\/wp-json\/wp\/v2\/users\/1"}],"replies":[{"embeddable":true,"href":"https:\/\/nadzsnacks.com\/en\/wp-json\/wp\/v2\/comments?post=98"}],"version-history":[{"count":19,"href":"https:\/\/nadzsnacks.com\/en\/wp-json\/wp\/v2\/pages\/98\/revisions"}],"predecessor-version":[{"id":6759,"href":"https:\/\/nadzsnacks.com\/en\/wp-json\/wp\/v2\/pages\/98\/revisions\/6759"}],"wp:attachment":[{"href":"https:\/\/nadzsnacks.com\/en\/wp-json\/wp\/v2\/media?parent=98"}],"curies":[{"name":"wp","href":"https:\/\/api.w.org\/{rel}","templated":true}]}}