{"id":5461,"date":"2025-03-01T13:21:21","date_gmt":"2025-03-01T13:21:21","guid":{"rendered":"https:\/\/nadzsnacks.com\/?post_type=product&#038;p=5461"},"modified":"2025-12-12T17:55:06","modified_gmt":"2025-12-12T17:55:06","slug":"mon-tablier-amazigh","status":"publish","type":"product","link":"https:\/\/nadzsnacks.com\/en\/product\/mon-tablier-amazigh","title":{"rendered":"Mon tablier"},"content":{"rendered":"","protected":false},"excerpt":{"rendered":"<p>Ce tablier est le fruit de la collaboration entre Mena Creation &amp; Nadzsnacks !<\/p>\n<p><em>Nous avons uni nos univers pour cre\u0301er un tablier de cuisine qui allie tradition et modernite\u0301, avec un ve\u0301ritable souci du de\u0301tail et du savoir-faire.<\/em><\/p>\n<p><em>Il incarne un univers que nous partageons, et j&#8217;espe\u0300re qu&#8217;il vous plaira autant qu&#8217;il nous a inspire\u0301es.<\/em><\/p>\n<p data-start=\"141\" data-end=\"176\"><strong data-start=\"141\" data-end=\"176\">DERNIER REASSORT<\/strong><\/p>\n<p data-start=\"178\" data-end=\"363\">Les premiers tabliers sont partis tr\u00e8s rapidement, merci pour votre enthousiasme \u2764\ufe0f<\/p>\n<p data-start=\"178\" data-end=\"363\">Ce mod\u00e8le fait partie d\u2019une <strong data-start=\"292\" data-end=\"316\">collection exclusive<\/strong> et ce r\u00e9assort sera <strong data-start=\"337\" data-end=\"351\">le dernier<\/strong> disponible.<\/p>\n<p data-start=\"365\" data-end=\"600\">Pensez \u00e0 bien renseigner votre <strong data-start=\"514\" data-end=\"537\">num\u00e9ro de t\u00e9l\u00e9phone<\/strong> lors de la commande pour recevoir les notifications d\u2019envoi \ud83d\udce6<\/p>\n<p data-start=\"602\" data-end=\"639\">Merci infiniment pour votre soutien !<\/p>\n<p>D\u00e9j\u00e0 disponible au Maroc chez: <a href=\"https:\/\/mena-creation.com\/fr\/produit\/tablier\/\" target=\"_blank\" rel=\"nofollow noopener\"><strong>Mena Creations<\/strong><\/a>.<\/p>\n<p><strong>-Made\u00a0in\u00a0Morocco-<\/strong><\/p>","protected":false},"featured_media":5426,"comment_status":"open","ping_status":"closed","template":"","meta":{"wprm-recipe-roundup-name":"","wprm-recipe-roundup-description":"","_monsterinsights_skip_tracking":false,"_monsterinsights_sitenote_active":false,"_monsterinsights_sitenote_note":"","_monsterinsights_sitenote_category":0},"product_brand":[],"product_cat":[1693],"product_tag":[],"class_list":{"0":"post-5461","1":"product","2":"type-product","3":"status-publish","4":"has-post-thumbnail","6":"product_cat-indispensable-cuisine","7":"odd","9":"first","10":"outofstock","11":"shipping-taxable","12":"purchasable","13":"product-type-variable"},"jetpack-related-posts":[],"jetpack_sharing_enabled":true,"_links":{"self":[{"href":"https:\/\/nadzsnacks.com\/en\/wp-json\/wp\/v2\/product\/5461","targetHints":{"allow":["GET"]}}],"collection":[{"href":"https:\/\/nadzsnacks.com\/en\/wp-json\/wp\/v2\/product"}],"about":[{"href":"https:\/\/nadzsnacks.com\/en\/wp-json\/wp\/v2\/types\/product"}],"replies":[{"embeddable":true,"href":"https:\/\/nadzsnacks.com\/en\/wp-json\/wp\/v2\/comments?post=5461"}],"wp:featuredmedia":[{"embeddable":true,"href":"https:\/\/nadzsnacks.com\/en\/wp-json\/wp\/v2\/media\/5426"}],"wp:attachment":[{"href":"https:\/\/nadzsnacks.com\/en\/wp-json\/wp\/v2\/media?parent=5461"}],"wp:term":[{"taxonomy":"product_brand","embeddable":true,"href":"https:\/\/nadzsnacks.com\/en\/wp-json\/wp\/v2\/product_brand?post=5461"},{"taxonomy":"product_cat","embeddable":true,"href":"https:\/\/nadzsnacks.com\/en\/wp-json\/wp\/v2\/product_cat?post=5461"},{"taxonomy":"product_tag","embeddable":true,"href":"https:\/\/nadzsnacks.com\/en\/wp-json\/wp\/v2\/product_tag?post=5461"}],"curies":[{"name":"wp","href":"https:\/\/api.w.org\/{rel}","templated":true}]}}